{"id":574,"date":"2025-04-03T18:03:33","date_gmt":"2025-04-03T18:03:33","guid":{"rendered":"https:\/\/kokhane.com\/?page_id=574"},"modified":"2026-01-17T08:28:20","modified_gmt":"2026-01-17T08:28:20","slug":"iletisim","status":"publish","type":"page","link":"https:\/\/kokhane.com\/en\/iletisim\/","title":{"rendered":"Contact"},"content":{"rendered":"<div data-elementor-type=\"wp-page\" data-elementor-id=\"574\" class=\"elementor elementor-574\" data-elementor-post-type=\"page\">\n\t\t\t\t<div class=\"elementor-element elementor-element-fb089c5 e-con-full e-flex e-con e-parent\" data-id=\"fb089c5\" data-element_type=\"container\" data-settings=\"{&quot;background_background&quot;:&quot;classic&quot;}\">\n\t\t<div class=\"elementor-element elementor-element-a316213 e-con-full e-flex e-con e-child\" data-id=\"a316213\" data-element_type=\"container\">\n\t\t<div class=\"elementor-element elementor-element-98536f8 e-con-full e-flex e-con e-child\" data-id=\"98536f8\" data-element_type=\"container\">\n\t\t\t\t<div class=\"elementor-element elementor-element-e66475b elementor-widget elementor-widget-heading\" data-id=\"e66475b\" data-element_type=\"widget\" data-widget_type=\"heading.default\">\n\t\t\t\t<div class=\"elementor-widget-container\">\n\t\t\t\t\t<h2 class=\"elementor-heading-title elementor-size-default\">CONTACT US<\/h2>\t\t\t\t<\/div>\n\t\t\t\t<\/div>\n\t\t\t\t<div class=\"elementor-element elementor-element-911bf5d elementor-widget-divider--view-line elementor-widget elementor-widget-divider\" data-id=\"911bf5d\" data-element_type=\"widget\" data-widget_type=\"divider.default\">\n\t\t\t\t<div class=\"elementor-widget-container\">\n\t\t\t\t\t\t\t<div class=\"elementor-divider\">\n\t\t\t<span class=\"elementor-divider-separator\">\n\t\t\t\t\t\t<\/span>\n\t\t<\/div>\n\t\t\t\t\t\t<\/div>\n\t\t\t\t<\/div>\n\t\t\t\t<div class=\"elementor-element elementor-element-04bc4ce elementor-widget-divider--view-line elementor-widget elementor-widget-divider\" data-id=\"04bc4ce\" data-element_type=\"widget\" data-widget_type=\"divider.default\">\n\t\t\t\t<div class=\"elementor-widget-container\">\n\t\t\t\t\t\t\t<div class=\"elementor-divider\">\n\t\t\t<span class=\"elementor-divider-separator\">\n\t\t\t\t\t\t<\/span>\n\t\t<\/div>\n\t\t\t\t\t\t<\/div>\n\t\t\t\t<\/div>\n\t\t\t\t<\/div>\n\t\t\t\t<\/div>\n\t\t\t\t<\/div>\n\t\t<div class=\"elementor-element elementor-element-8d6881b elementor-hidden-mobile e-flex e-con-boxed e-con e-parent\" data-id=\"8d6881b\" data-element_type=\"container\">\n\t\t\t\t\t<div class=\"e-con-inner\">\n\t\t<div class=\"elementor-element elementor-element-1ec982a e-con-full e-flex e-con e-child\" data-id=\"1ec982a\" data-element_type=\"container\">\n\t\t<div class=\"elementor-element elementor-element-e1dfe89 e-con-full e-flex e-con e-child\" data-id=\"e1dfe89\" data-element_type=\"container\">\n\t\t<div class=\"elementor-element elementor-element-1792031 e-con-full e-flex e-con e-child\" data-id=\"1792031\" data-element_type=\"container\">\n\t\t<div class=\"elementor-element elementor-element-c068dc1 e-con-full e-flex e-con e-child\" data-id=\"c068dc1\" data-element_type=\"container\">\n\t\t\t\t<div class=\"elementor-element elementor-element-058582a elementor-widget__width-initial elementor-view-default elementor-widget elementor-widget-icon\" data-id=\"058582a\" data-element_type=\"widget\" data-widget_type=\"icon.default\">\n\t\t\t\t<div class=\"elementor-widget-container\">\n\t\t\t\t\t\t\t<div class=\"elementor-icon-wrapper\">\n\t\t\t<div class=\"elementor-icon\">\n\t\t\t<svg aria-hidden=\"true\" class=\"e-font-icon-svg e-fas-map-marked-alt\" viewbox=\"0 0 576 512\" xmlns=\"http:\/\/www.w3.org\/2000\/svg\"><path d=\"M288 0c-69.59 0-126 56.41-126 126 0 56.26 82.35 158.8 113.9 196.02 6.39 7.54 17.82 7.54 24.2 0C331.65 284.8 414 182.26 414 126 414 56.41 357.59 0 288 0zm0 168c-23.2 0-42-18.8-42-42s18.8-42 42-42 42 18.8 42 42-18.8 42-42 42zM20.12 215.95A32.006 32.006 0 0 0 0 245.66v250.32c0 11.32 11.43 19.06 21.94 14.86L160 448V214.92c-8.84-15.98-16.07-31.54-21.25-46.42L20.12 215.95zM288 359.67c-14.07 0-27.38-6.18-36.51-16.96-19.66-23.2-40.57-49.62-59.49-76.72v182l192 64V266c-18.92 27.09-39.82 53.52-59.49 76.72-9.13 10.77-22.44 16.95-36.51 16.95zm266.06-198.51L416 224v288l139.88-55.95A31.996 31.996 0 0 0 576 426.34V176.02c0-11.32-11.43-19.06-21.94-14.86z\"><\/path><\/svg>\t\t\t<\/div>\n\t\t<\/div>\n\t\t\t\t\t\t<\/div>\n\t\t\t\t<\/div>\n\t\t\t\t<div class=\"elementor-element elementor-element-88abccd elementor-widget elementor-widget-text-editor\" data-id=\"88abccd\" data-element_type=\"widget\" data-widget_type=\"text-editor.default\">\n\t\t\t\t<div class=\"elementor-widget-container\">\n\t\t\t\t\t\t\t\t\t<div class=\"elementor-element elementor-element-2d44033 elementor-widget elementor-widget-text-editor\" data-id=\"2d44033\" data-element_type=\"widget\" data-widget_type=\"text-editor.default\"><div class=\"elementor-widget-container\"><p>Yukar\u0131 Mh. Edip Akbayram Caddesi No: 35\/2 Avanos \/ Nevsehir<\/p><\/div><\/div>\t\t\t\t\t\t\t\t<\/div>\n\t\t\t\t<\/div>\n\t\t\t\t<\/div>\n\t\t<div class=\"elementor-element elementor-element-ef54eea e-con-full e-flex e-con e-child\" data-id=\"ef54eea\" data-element_type=\"container\">\n\t\t\t\t<div class=\"elementor-element elementor-element-125b6cc elementor-widget__width-initial elementor-view-default elementor-widget elementor-widget-icon\" data-id=\"125b6cc\" data-element_type=\"widget\" data-widget_type=\"icon.default\">\n\t\t\t\t<div class=\"elementor-widget-container\">\n\t\t\t\t\t\t\t<div class=\"elementor-icon-wrapper\">\n\t\t\t<div class=\"elementor-icon\">\n\t\t\t<svg aria-hidden=\"true\" class=\"e-font-icon-svg e-fas-phone-square-alt\" viewbox=\"0 0 448 512\" xmlns=\"http:\/\/www.w3.org\/2000\/svg\"><path d=\"M400 32H48A48 48 0 0 0 0 80v352a48 48 0 0 0 48 48h352a48 48 0 0 0 48-48V80a48 48 0 0 0-48-48zm-16.39 307.37l-15 65A15 15 0 0 1 354 416C194 416 64 286.29 64 126a15.7 15.7 0 0 1 11.63-14.61l65-15A18.23 18.23 0 0 1 144 96a16.27 16.27 0 0 1 13.79 9.09l30 70A17.9 17.9 0 0 1 189 181a17 17 0 0 1-5.5 11.61l-37.89 31a231.91 231.91 0 0 0 110.78 110.78l31-37.89A17 17 0 0 1 299 291a17.85 17.85 0 0 1 5.91 1.21l70 30A16.25 16.25 0 0 1 384 336a17.41 17.41 0 0 1-.39 3.37z\"><\/path><\/svg>\t\t\t<\/div>\n\t\t<\/div>\n\t\t\t\t\t\t<\/div>\n\t\t\t\t<\/div>\n\t\t\t\t<div class=\"elementor-element elementor-element-969ad8d elementor-widget elementor-widget-text-editor\" data-id=\"969ad8d\" data-element_type=\"widget\" data-widget_type=\"text-editor.default\">\n\t\t\t\t<div class=\"elementor-widget-container\">\n\t\t\t\t\t\t\t\t\t<div class=\"elementor-element elementor-element-2d44033 elementor-widget elementor-widget-text-editor\" data-id=\"2d44033\" data-element_type=\"widget\" data-widget_type=\"text-editor.default\"><div class=\"elementor-widget-container\"><p><strong><a href=\"http:\/\/tel:+90 531 470 37 01\" data-wplink-url-error=\"true\">+90 531 470 37 01<\/a><\/strong><\/p><\/div><\/div>\t\t\t\t\t\t\t\t<\/div>\n\t\t\t\t<\/div>\n\t\t\t\t<\/div>\n\t\t<div class=\"elementor-element elementor-element-ec25648 e-con-full e-flex e-con e-child\" data-id=\"ec25648\" data-element_type=\"container\">\n\t\t\t\t<div class=\"elementor-element elementor-element-cbfb235 elementor-widget__width-initial elementor-view-default elementor-widget elementor-widget-icon\" data-id=\"cbfb235\" data-element_type=\"widget\" data-widget_type=\"icon.default\">\n\t\t\t\t<div class=\"elementor-widget-container\">\n\t\t\t\t\t\t\t<div class=\"elementor-icon-wrapper\">\n\t\t\t<div class=\"elementor-icon\">\n\t\t\t<svg aria-hidden=\"true\" class=\"e-font-icon-svg e-fab-threads\" viewbox=\"0 0 448 512\" xmlns=\"http:\/\/www.w3.org\/2000\/svg\"><path d=\"M331.5 235.7c2.2 .9 4.2 1.9 6.3 2.8c29.2 14.1 50.6 35.2 61.8 61.4c15.7 36.5 17.2 95.8-30.3 143.2c-36.2 36.2-80.3 52.5-142.6 53h-.3c-70.2-.5-124.1-24.1-160.4-70.2c-32.3-41-48.9-98.1-49.5-169.6V256v-.2C17 184.3 33.6 127.2 65.9 86.2C102.2 40.1 156.2 16.5 226.4 16h.3c70.3 .5 124.9 24 162.3 69.9c18.4 22.7 32 50 40.6 81.7l-40.4 10.8c-7.1-25.8-17.8-47.8-32.2-65.4c-29.2-35.8-73-54.2-130.5-54.6c-57 .5-100.1 18.8-128.2 54.4C72.1 146.1 58.5 194.3 58 256c.5 61.7 14.1 109.9 40.3 143.3c28 35.6 71.2 53.9 128.2 54.4c51.4-.4 85.4-12.6 113.7-40.9c32.3-32.2 31.7-71.8 21.4-95.9c-6.1-14.2-17.1-26-31.9-34.9c-3.7 26.9-11.8 48.3-24.7 64.8c-17.1 21.8-41.4 33.6-72.7 35.3c-23.6 1.3-46.3-4.4-63.9-16c-20.8-13.8-33-34.8-34.3-59.3c-2.5-48.3 35.7-83 95.2-86.4c21.1-1.2 40.9-.3 59.2 2.8c-2.4-14.8-7.3-26.6-14.6-35.2c-10-11.7-25.6-17.7-46.2-17.8H227c-16.6 0-39 4.6-53.3 26.3l-34.4-23.6c19.2-29.1 50.3-45.1 87.8-45.1h.8c62.6 .4 99.9 39.5 103.7 107.7l-.2 .2zm-156 68.8c1.3 25.1 28.4 36.8 54.6 35.3c25.6-1.4 54.6-11.4 59.5-73.2c-13.2-2.9-27.8-4.4-43.4-4.4c-4.8 0-9.6 .1-14.4 .4c-42.9 2.4-57.2 23.2-56.2 41.8l-.1 .1z\"><\/path><\/svg>\t\t\t<\/div>\n\t\t<\/div>\n\t\t\t\t\t\t<\/div>\n\t\t\t\t<\/div>\n\t\t\t\t<div class=\"elementor-element elementor-element-ccd0b7d elementor-widget elementor-widget-text-editor\" data-id=\"ccd0b7d\" data-element_type=\"widget\" data-widget_type=\"text-editor.default\">\n\t\t\t\t<div class=\"elementor-widget-container\">\n\t\t\t\t\t\t\t\t\t<p><strong>info@kokhane.com<\/strong><\/p>\t\t\t\t\t\t\t\t<\/div>\n\t\t\t\t<\/div>\n\t\t\t\t<\/div>\n\t\t<div class=\"elementor-element elementor-element-7f4c10f e-con-full e-flex e-con e-child\" data-id=\"7f4c10f\" data-element_type=\"container\">\n\t\t\t\t<div class=\"elementor-element elementor-element-29a3a53 elementor-widget__width-initial elementor-view-default elementor-widget elementor-widget-icon\" data-id=\"29a3a53\" data-element_type=\"widget\" data-widget_type=\"icon.default\">\n\t\t\t\t<div class=\"elementor-widget-container\">\n\t\t\t\t\t\t\t<div class=\"elementor-icon-wrapper\">\n\t\t\t<div class=\"elementor-icon\">\n\t\t\t<svg aria-hidden=\"true\" class=\"e-font-icon-svg e-fas-map-signs\" viewbox=\"0 0 512 512\" xmlns=\"http:\/\/www.w3.org\/2000\/svg\"><path d=\"M507.31 84.69L464 41.37c-6-6-14.14-9.37-22.63-9.37H288V16c0-8.84-7.16-16-16-16h-32c-8.84 0-16 7.16-16 16v16H56c-13.25 0-24 10.75-24 24v80c0 13.25 10.75 24 24 24h385.37c8.49 0 16.62-3.37 22.63-9.37l43.31-43.31c6.25-6.26 6.25-16.38 0-22.63zM224 496c0 8.84 7.16 16 16 16h32c8.84 0 16-7.16 16-16V384h-64v112zm232-272H288v-32h-64v32H70.63c-8.49 0-16.62 3.37-22.63 9.37L4.69 276.69c-6.25 6.25-6.25 16.38 0 22.63L48 342.63c6 6 14.14 9.37 22.63 9.37H456c13.25 0 24-10.75 24-24v-80c0-13.25-10.75-24-24-24z\"><\/path><\/svg>\t\t\t<\/div>\n\t\t<\/div>\n\t\t\t\t\t\t<\/div>\n\t\t\t\t<\/div>\n\t\t\t\t<div class=\"elementor-element elementor-element-7501d84 elementor-widget elementor-widget-button\" data-id=\"7501d84\" data-element_type=\"widget\" data-widget_type=\"button.default\">\n\t\t\t\t<div class=\"elementor-widget-container\">\n\t\t\t\t\t\t\t\t\t<div class=\"elementor-button-wrapper\">\n\t\t\t\t\t<a class=\"elementor-button elementor-button-link elementor-size-sm\" href=\"https:\/\/maps.app.goo.gl\/U4kbJNEnt2GQ1zjN8\" target=\"_blank\">\n\t\t\t\t\t\t<span class=\"elementor-button-content-wrapper\">\n\t\t\t\t\t\t\t\t\t<span class=\"elementor-button-text\">Directions<\/span>\n\t\t\t\t\t<\/span>\n\t\t\t\t\t<\/a>\n\t\t\t\t<\/div>\n\t\t\t\t\t\t\t\t<\/div>\n\t\t\t\t<\/div>\n\t\t\t\t<\/div>\n\t\t\t\t<\/div>\n\t\t\t\t<\/div>\n\t\t\t\t<\/div>\n\t\t<div class=\"elementor-element elementor-element-33370b4 e-con-full e-flex e-con e-child\" data-id=\"33370b4\" data-element_type=\"container\">\n\t\t<div class=\"elementor-element elementor-element-8c7d5d6 e-con-full e-flex e-con e-child\" data-id=\"8c7d5d6\" data-element_type=\"container\">\n\t\t\t\t<div class=\"elementor-element elementor-element-db9b90f elementor-widget elementor-widget-image\" data-id=\"db9b90f\" data-element_type=\"widget\" data-widget_type=\"image.default\">\n\t\t\t\t<div class=\"elementor-widget-container\">\n\t\t\t\t\t\t\t\t\t\t\t\t\t\t\t<img fetchpriority=\"high\" decoding=\"async\" width=\"768\" height=\"1024\" src=\"https:\/\/kokhane.com\/wp-content\/uploads\/2026\/01\/K22-768x1024.webp\" class=\"attachment-large size-large wp-image-3861\" alt=\"\" srcset=\"https:\/\/kokhane.com\/wp-content\/uploads\/2026\/01\/K22-768x1024.webp 768w, https:\/\/kokhane.com\/wp-content\/uploads\/2026\/01\/K22-225x300.webp 225w, https:\/\/kokhane.com\/wp-content\/uploads\/2026\/01\/K22-600x800.webp 600w, https:\/\/kokhane.com\/wp-content\/uploads\/2026\/01\/K22.webp 1000w\" sizes=\"(max-width: 768px) 100vw, 768px\" \/>\t\t\t\t\t\t\t\t\t\t\t\t\t\t\t<\/div>\n\t\t\t\t<\/div>\n\t\t\t\t<\/div>\n\t\t\t\t<\/div>\n\t\t\t\t\t<\/div>\n\t\t\t\t<\/div>\n\t\t<div class=\"elementor-element elementor-element-e1cc170 elementor-hidden-desktop elementor-hidden-tablet e-flex e-con-boxed e-con e-parent\" data-id=\"e1cc170\" data-element_type=\"container\">\n\t\t\t\t\t<div class=\"e-con-inner\">\n\t\t<div class=\"elementor-element elementor-element-9ba6e3b e-con-full e-flex e-con e-child\" data-id=\"9ba6e3b\" data-element_type=\"container\">\n\t\t<div class=\"elementor-element elementor-element-34b9475 e-con-full e-flex e-con e-child\" data-id=\"34b9475\" data-element_type=\"container\">\n\t\t\t\t<div class=\"elementor-element elementor-element-cb2c284 elementor-widget__width-initial elementor-view-default elementor-widget elementor-widget-icon\" data-id=\"cb2c284\" data-element_type=\"widget\" data-widget_type=\"icon.default\">\n\t\t\t\t<div class=\"elementor-widget-container\">\n\t\t\t\t\t\t\t<div class=\"elementor-icon-wrapper\">\n\t\t\t<div class=\"elementor-icon\">\n\t\t\t<svg aria-hidden=\"true\" class=\"e-font-icon-svg e-fas-map-marked-alt\" viewbox=\"0 0 576 512\" xmlns=\"http:\/\/www.w3.org\/2000\/svg\"><path d=\"M288 0c-69.59 0-126 56.41-126 126 0 56.26 82.35 158.8 113.9 196.02 6.39 7.54 17.82 7.54 24.2 0C331.65 284.8 414 182.26 414 126 414 56.41 357.59 0 288 0zm0 168c-23.2 0-42-18.8-42-42s18.8-42 42-42 42 18.8 42 42-18.8 42-42 42zM20.12 215.95A32.006 32.006 0 0 0 0 245.66v250.32c0 11.32 11.43 19.06 21.94 14.86L160 448V214.92c-8.84-15.98-16.07-31.54-21.25-46.42L20.12 215.95zM288 359.67c-14.07 0-27.38-6.18-36.51-16.96-19.66-23.2-40.57-49.62-59.49-76.72v182l192 64V266c-18.92 27.09-39.82 53.52-59.49 76.72-9.13 10.77-22.44 16.95-36.51 16.95zm266.06-198.51L416 224v288l139.88-55.95A31.996 31.996 0 0 0 576 426.34V176.02c0-11.32-11.43-19.06-21.94-14.86z\"><\/path><\/svg>\t\t\t<\/div>\n\t\t<\/div>\n\t\t\t\t\t\t<\/div>\n\t\t\t\t<\/div>\n\t\t\t\t<\/div>\n\t\t<div class=\"elementor-element elementor-element-a5b6d7e e-con-full e-flex e-con e-child\" data-id=\"a5b6d7e\" data-element_type=\"container\">\n\t\t\t\t<div class=\"elementor-element elementor-element-61d4299 elementor-widget elementor-widget-text-editor\" data-id=\"61d4299\" data-element_type=\"widget\" data-widget_type=\"text-editor.default\">\n\t\t\t\t<div class=\"elementor-widget-container\">\n\t\t\t\t\t\t\t\t\t<div class=\"elementor-element elementor-element-2d44033 elementor-widget elementor-widget-text-editor\" data-id=\"2d44033\" data-element_type=\"widget\" data-widget_type=\"text-editor.default\"><div class=\"elementor-widget-container\"><div class=\"elementor-element elementor-element-2d44033 elementor-widget elementor-widget-text-editor\" data-id=\"2d44033\" data-element_type=\"widget\" data-widget_type=\"text-editor.default\"><div class=\"elementor-widget-container\"><div class=\"elementor-element elementor-element-c068dc1 e-con-full e-flex e-con e-child\" data-id=\"c068dc1\" data-element_type=\"container\"><div class=\"elementor-element elementor-element-88abccd elementor-widget elementor-widget-text-editor\" data-id=\"88abccd\" data-element_type=\"widget\" data-widget_type=\"text-editor.default\"><div class=\"elementor-widget-container\"><div class=\"elementor-element elementor-element-2d44033 elementor-widget elementor-widget-text-editor\" data-id=\"2d44033\" data-element_type=\"widget\" data-widget_type=\"text-editor.default\"><div class=\"elementor-widget-container\"><p>Yukar\u0131 Mh. Edip Akbayram Caddesi No: 35\/2 Avanos \/ Nevsehir<\/p><\/div><\/div><\/div><\/div><\/div><\/div><\/div><\/div><\/div>\t\t\t\t\t\t\t\t<\/div>\n\t\t\t\t<\/div>\n\t\t\t\t<\/div>\n\t\t\t\t<\/div>\n\t\t<div class=\"elementor-element elementor-element-4e6b753 e-con-full e-flex e-con e-child\" data-id=\"4e6b753\" data-element_type=\"container\">\n\t\t<div class=\"elementor-element elementor-element-3befb5e e-con-full e-flex e-con e-child\" data-id=\"3befb5e\" data-element_type=\"container\">\n\t\t\t\t<div class=\"elementor-element elementor-element-ea5aed3 elementor-widget__width-initial elementor-view-default elementor-widget elementor-widget-icon\" data-id=\"ea5aed3\" data-element_type=\"widget\" data-widget_type=\"icon.default\">\n\t\t\t\t<div class=\"elementor-widget-container\">\n\t\t\t\t\t\t\t<div class=\"elementor-icon-wrapper\">\n\t\t\t<div class=\"elementor-icon\">\n\t\t\t<svg aria-hidden=\"true\" class=\"e-font-icon-svg e-fas-phone-square-alt\" viewbox=\"0 0 448 512\" xmlns=\"http:\/\/www.w3.org\/2000\/svg\"><path d=\"M400 32H48A48 48 0 0 0 0 80v352a48 48 0 0 0 48 48h352a48 48 0 0 0 48-48V80a48 48 0 0 0-48-48zm-16.39 307.37l-15 65A15 15 0 0 1 354 416C194 416 64 286.29 64 126a15.7 15.7 0 0 1 11.63-14.61l65-15A18.23 18.23 0 0 1 144 96a16.27 16.27 0 0 1 13.79 9.09l30 70A17.9 17.9 0 0 1 189 181a17 17 0 0 1-5.5 11.61l-37.89 31a231.91 231.91 0 0 0 110.78 110.78l31-37.89A17 17 0 0 1 299 291a17.85 17.85 0 0 1 5.91 1.21l70 30A16.25 16.25 0 0 1 384 336a17.41 17.41 0 0 1-.39 3.37z\"><\/path><\/svg>\t\t\t<\/div>\n\t\t<\/div>\n\t\t\t\t\t\t<\/div>\n\t\t\t\t<\/div>\n\t\t\t\t<\/div>\n\t\t<div class=\"elementor-element elementor-element-c88a2a3 e-con-full e-flex e-con e-child\" data-id=\"c88a2a3\" data-element_type=\"container\">\n\t\t\t\t<div class=\"elementor-element elementor-element-cff6cbd elementor-widget elementor-widget-text-editor\" data-id=\"cff6cbd\" data-element_type=\"widget\" data-widget_type=\"text-editor.default\">\n\t\t\t\t<div class=\"elementor-widget-container\">\n\t\t\t\t\t\t\t\t\t<div class=\"elementor-element elementor-element-2d44033 elementor-widget elementor-widget-text-editor\" data-id=\"2d44033\" data-element_type=\"widget\" data-widget_type=\"text-editor.default\"><div class=\"elementor-widget-container\"><div class=\"elementor-element elementor-element-2d44033 elementor-widget elementor-widget-text-editor\" data-id=\"2d44033\" data-element_type=\"widget\" data-widget_type=\"text-editor.default\"><div class=\"elementor-widget-container\"><p><strong><a href=\"http:\/\/tel:+90 531 470 37 01\" data-wplink-url-error=\"true\">+90 531 470 37 01<\/a><\/strong><\/p><\/div><\/div><\/div><\/div>\t\t\t\t\t\t\t\t<\/div>\n\t\t\t\t<\/div>\n\t\t\t\t<\/div>\n\t\t\t\t<\/div>\n\t\t<div class=\"elementor-element elementor-element-ad20290 e-con-full e-flex e-con e-child\" data-id=\"ad20290\" data-element_type=\"container\">\n\t\t<div class=\"elementor-element elementor-element-5e799c4 e-con-full e-flex e-con e-child\" data-id=\"5e799c4\" data-element_type=\"container\">\n\t\t\t\t<div class=\"elementor-element elementor-element-22c491a elementor-widget__width-initial elementor-view-default elementor-widget elementor-widget-icon\" data-id=\"22c491a\" data-element_type=\"widget\" data-widget_type=\"icon.default\">\n\t\t\t\t<div class=\"elementor-widget-container\">\n\t\t\t\t\t\t\t<div class=\"elementor-icon-wrapper\">\n\t\t\t<div class=\"elementor-icon\">\n\t\t\t<svg aria-hidden=\"true\" class=\"e-font-icon-svg e-fas-globe-americas\" viewbox=\"0 0 496 512\" xmlns=\"http:\/\/www.w3.org\/2000\/svg\"><path d=\"M248 8C111.03 8 0 119.03 0 256s111.03 248 248 248 248-111.03 248-248S384.97 8 248 8zm82.29 357.6c-3.9 3.88-7.99 7.95-11.31 11.28-2.99 3-5.1 6.7-6.17 10.71-1.51 5.66-2.73 11.38-4.77 16.87l-17.39 46.85c-13.76 3-28 4.69-42.65 4.69v-27.38c1.69-12.62-7.64-36.26-22.63-51.25-6-6-9.37-14.14-9.37-22.63v-32.01c0-11.64-6.27-22.34-16.46-27.97-14.37-7.95-34.81-19.06-48.81-26.11-11.48-5.78-22.1-13.14-31.65-21.75l-.8-.72a114.792 114.792 0 0 1-18.06-20.74c-9.38-13.77-24.66-36.42-34.59-51.14 20.47-45.5 57.36-82.04 103.2-101.89l24.01 12.01C203.48 89.74 216 82.01 216 70.11v-11.3c7.99-1.29 16.12-2.11 24.39-2.42l28.3 28.3c6.25 6.25 6.25 16.38 0 22.63L264 112l-10.34 10.34c-3.12 3.12-3.12 8.19 0 11.31l4.69 4.69c3.12 3.12 3.12 8.19 0 11.31l-8 8a8.008 8.008 0 0 1-5.66 2.34h-8.99c-2.08 0-4.08.81-5.58 2.27l-9.92 9.65a8.008 8.008 0 0 0-1.58 9.31l15.59 31.19c2.66 5.32-1.21 11.58-7.15 11.58h-5.64c-1.93 0-3.79-.7-5.24-1.96l-9.28-8.06a16.017 16.017 0 0 0-15.55-3.1l-31.17 10.39a11.95 11.95 0 0 0-8.17 11.34c0 4.53 2.56 8.66 6.61 10.69l11.08 5.54c9.41 4.71 19.79 7.16 30.31 7.16s22.59 27.29 32 32h66.75c8.49 0 16.62 3.37 22.63 9.37l13.69 13.69a30.503 30.503 0 0 1 8.93 21.57 46.536 46.536 0 0 1-13.72 32.98zM417 274.25c-5.79-1.45-10.84-5-14.15-9.97l-17.98-26.97a23.97 23.97 0 0 1 0-26.62l19.59-29.38c2.32-3.47 5.5-6.29 9.24-8.15l12.98-6.49C440.2 193.59 448 223.87 448 256c0 8.67-.74 17.16-1.82 25.54L417 274.25z\"><\/path><\/svg>\t\t\t<\/div>\n\t\t<\/div>\n\t\t\t\t\t\t<\/div>\n\t\t\t\t<\/div>\n\t\t\t\t<\/div>\n\t\t<div class=\"elementor-element elementor-element-7ea4fc0 e-con-full e-flex e-con e-child\" data-id=\"7ea4fc0\" data-element_type=\"container\">\n\t\t\t\t<div class=\"elementor-element elementor-element-3eb3ecc elementor-widget elementor-widget-text-editor\" data-id=\"3eb3ecc\" data-element_type=\"widget\" data-widget_type=\"text-editor.default\">\n\t\t\t\t<div class=\"elementor-widget-container\">\n\t\t\t\t\t\t\t\t\t<div class=\"elementor-element elementor-element-2d44033 elementor-widget elementor-widget-text-editor\" data-id=\"2d44033\" data-element_type=\"widget\" data-widget_type=\"text-editor.default\"><div class=\"elementor-widget-container\"><p><strong>info@kokhane.com<\/strong><\/p><\/div><\/div>\t\t\t\t\t\t\t\t<\/div>\n\t\t\t\t<\/div>\n\t\t\t\t<\/div>\n\t\t\t\t<\/div>\n\t\t<div class=\"elementor-element elementor-element-7d3d462 e-con-full e-flex e-con e-child\" data-id=\"7d3d462\" data-element_type=\"container\">\n\t\t<div class=\"elementor-element elementor-element-464d14e e-con-full e-flex e-con e-child\" data-id=\"464d14e\" data-element_type=\"container\">\n\t\t\t\t<div class=\"elementor-element elementor-element-f866536 elementor-widget__width-initial elementor-view-default elementor-widget elementor-widget-icon\" data-id=\"f866536\" data-element_type=\"widget\" data-widget_type=\"icon.default\">\n\t\t\t\t<div class=\"elementor-widget-container\">\n\t\t\t\t\t\t\t<div class=\"elementor-icon-wrapper\">\n\t\t\t<div class=\"elementor-icon\">\n\t\t\t<svg aria-hidden=\"true\" class=\"e-font-icon-svg e-fas-map-signs\" viewbox=\"0 0 512 512\" xmlns=\"http:\/\/www.w3.org\/2000\/svg\"><path d=\"M507.31 84.69L464 41.37c-6-6-14.14-9.37-22.63-9.37H288V16c0-8.84-7.16-16-16-16h-32c-8.84 0-16 7.16-16 16v16H56c-13.25 0-24 10.75-24 24v80c0 13.25 10.75 24 24 24h385.37c8.49 0 16.62-3.37 22.63-9.37l43.31-43.31c6.25-6.26 6.25-16.38 0-22.63zM224 496c0 8.84 7.16 16 16 16h32c8.84 0 16-7.16 16-16V384h-64v112zm232-272H288v-32h-64v32H70.63c-8.49 0-16.62 3.37-22.63 9.37L4.69 276.69c-6.25 6.25-6.25 16.38 0 22.63L48 342.63c6 6 14.14 9.37 22.63 9.37H456c13.25 0 24-10.75 24-24v-80c0-13.25-10.75-24-24-24z\"><\/path><\/svg>\t\t\t<\/div>\n\t\t<\/div>\n\t\t\t\t\t\t<\/div>\n\t\t\t\t<\/div>\n\t\t\t\t<\/div>\n\t\t<div class=\"elementor-element elementor-element-6077fc3 e-con-full e-flex e-con e-child\" data-id=\"6077fc3\" data-element_type=\"container\">\n\t\t\t\t<div class=\"elementor-element elementor-element-c1e0a0f elementor-widget elementor-widget-button\" data-id=\"c1e0a0f\" data-element_type=\"widget\" data-widget_type=\"button.default\">\n\t\t\t\t<div class=\"elementor-widget-container\">\n\t\t\t\t\t\t\t\t\t<div class=\"elementor-button-wrapper\">\n\t\t\t\t\t<a class=\"elementor-button elementor-button-link elementor-size-sm\" href=\"https:\/\/maps.app.goo.gl\/U4kbJNEnt2GQ1zjN8\" target=\"_blank\">\n\t\t\t\t\t\t<span class=\"elementor-button-content-wrapper\">\n\t\t\t\t\t\t\t\t\t<span class=\"elementor-button-text\">Directions<\/span>\n\t\t\t\t\t<\/span>\n\t\t\t\t\t<\/a>\n\t\t\t\t<\/div>\n\t\t\t\t\t\t\t\t<\/div>\n\t\t\t\t<\/div>\n\t\t\t\t<\/div>\n\t\t\t\t<\/div>\n\t\t<div class=\"elementor-element elementor-element-8aba396 e-con-full e-flex e-con e-child\" data-id=\"8aba396\" data-element_type=\"container\">\n\t\t<div class=\"elementor-element elementor-element-8bd0598 e-con-full e-flex e-con e-child\" data-id=\"8bd0598\" data-element_type=\"container\">\n\t\t\t\t<div class=\"elementor-element elementor-element-78a9c4f elementor-widget elementor-widget-image\" data-id=\"78a9c4f\" data-element_type=\"widget\" data-widget_type=\"image.default\">\n\t\t\t\t<div class=\"elementor-widget-container\">\n\t\t\t\t\t\t\t\t\t\t\t\t\t\t\t<img fetchpriority=\"high\" decoding=\"async\" width=\"768\" height=\"1024\" src=\"https:\/\/kokhane.com\/wp-content\/uploads\/2026\/01\/K22-768x1024.webp\" class=\"attachment-large size-large wp-image-3861\" alt=\"\" srcset=\"https:\/\/kokhane.com\/wp-content\/uploads\/2026\/01\/K22-768x1024.webp 768w, https:\/\/kokhane.com\/wp-content\/uploads\/2026\/01\/K22-225x300.webp 225w, https:\/\/kokhane.com\/wp-content\/uploads\/2026\/01\/K22-600x800.webp 600w, https:\/\/kokhane.com\/wp-content\/uploads\/2026\/01\/K22.webp 1000w\" sizes=\"(max-width: 768px) 100vw, 768px\" \/>\t\t\t\t\t\t\t\t\t\t\t\t\t\t\t<\/div>\n\t\t\t\t<\/div>\n\t\t\t\t<\/div>\n\t\t\t\t<\/div>\n\t\t\t\t\t<\/div>\n\t\t\t\t<\/div>\n\t\t<div class=\"elementor-element elementor-element-f3fd3d3 e-flex e-con-boxed e-con e-parent\" data-id=\"f3fd3d3\" data-element_type=\"container\">\n\t\t\t\t\t<div class=\"e-con-inner\">\n\t\t\t\t<div class=\"elementor-element elementor-element-98efaae elementor-widget elementor-widget-google_maps\" data-id=\"98efaae\" data-element_type=\"widget\" data-widget_type=\"google_maps.default\">\n\t\t\t\t<div class=\"elementor-widget-container\">\n\t\t\t\t\t\t\t<div class=\"elementor-custom-embed\">\n\t\t\t<iframe loading=\"lazy\"\n\t\t\t\t\tsrc=\"https:\/\/maps.google.com\/maps?q=avanos%20k%C3%B6khane&#038;t=m&#038;z=17&#038;output=embed&#038;iwloc=near\"\n\t\t\t\t\ttitle=\"avanos root cellar\"\n\t\t\t\t\taria-label=\"avanos root cellar\"\n\t\t\t><\/iframe>\n\t\t<\/div>\n\t\t\t\t\t\t<\/div>\n\t\t\t\t<\/div>\n\t\t\t\t\t<\/div>\n\t\t\t\t<\/div>\n\t\t\t\t<\/div>","protected":false},"excerpt":{"rendered":"<p>\u0130LET\u0130\u015e\u0130M Yukar\u0131 Mh. Edip Akbayram Caddesi No: 35\/2 Avanos \/ Nev\u015fehir +90 531 470 37 01 info@kokhane.com Yol Tarifi Yukar\u0131 Mh. Edip Akbayram Caddesi No: 35\/2 Avanos \/ Nev\u015fehir +90 531 470 37 01 info@kokhane.com Yol Tarifi<\/p>","protected":false},"author":1,"featured_media":0,"parent":0,"menu_order":0,"comment_status":"closed","ping_status":"closed","template":"","meta":{"footnotes":""},"class_list":["post-574","page","type-page","status-publish","hentry"],"_links":{"self":[{"href":"https:\/\/kokhane.com\/en\/wp-json\/wp\/v2\/pages\/574","targetHints":{"allow":["GET"]}}],"collection":[{"href":"https:\/\/kokhane.com\/en\/wp-json\/wp\/v2\/pages"}],"about":[{"href":"https:\/\/kokhane.com\/en\/wp-json\/wp\/v2\/types\/page"}],"author":[{"embeddable":true,"href":"https:\/\/kokhane.com\/en\/wp-json\/wp\/v2\/users\/1"}],"replies":[{"embeddable":true,"href":"https:\/\/kokhane.com\/en\/wp-json\/wp\/v2\/comments?post=574"}],"version-history":[{"count":378,"href":"https:\/\/kokhane.com\/en\/wp-json\/wp\/v2\/pages\/574\/revisions"}],"predecessor-version":[{"id":4374,"href":"https:\/\/kokhane.com\/en\/wp-json\/wp\/v2\/pages\/574\/revisions\/4374"}],"wp:attachment":[{"href":"https:\/\/kokhane.com\/en\/wp-json\/wp\/v2\/media?parent=574"}],"curies":[{"name":"wp","href":"https:\/\/api.w.org\/{rel}","templated":true}]}}