{"id":546,"date":"2025-04-03T15:55:33","date_gmt":"2025-04-03T15:55:33","guid":{"rendered":"https:\/\/kokhane.com\/?page_id=546"},"modified":"2026-01-12T17:21:41","modified_gmt":"2026-01-12T17:21:41","slug":"hakkimizda","status":"publish","type":"page","link":"https:\/\/kokhane.com\/en\/hakkimizda\/","title":{"rendered":"About Us"},"content":{"rendered":"<div data-elementor-type=\"wp-page\" data-elementor-id=\"546\" class=\"elementor elementor-546\" data-elementor-post-type=\"page\">\n\t\t\t\t<div class=\"elementor-element elementor-element-f33d4a0 e-con-full e-flex e-con e-parent\" data-id=\"f33d4a0\" data-element_type=\"container\" data-settings=\"{&quot;background_background&quot;:&quot;classic&quot;}\">\n\t\t<div class=\"elementor-element elementor-element-682bcb4 e-con-full e-flex e-con e-child\" data-id=\"682bcb4\" data-element_type=\"container\">\n\t\t<div class=\"elementor-element elementor-element-8ea9082 e-con-full e-flex e-con e-child\" data-id=\"8ea9082\" data-element_type=\"container\">\n\t\t\t\t<div class=\"elementor-element elementor-element-48e4b35 elementor-widget elementor-widget-heading\" data-id=\"48e4b35\" data-element_type=\"widget\" data-widget_type=\"heading.default\">\n\t\t\t\t<div class=\"elementor-widget-container\">\n\t\t\t\t\t<h2 class=\"elementor-heading-title elementor-size-default\">OUR STORY<\/h2>\t\t\t\t<\/div>\n\t\t\t\t<\/div>\n\t\t\t\t<div class=\"elementor-element elementor-element-6f5a595 elementor-widget-divider--view-line elementor-widget elementor-widget-divider\" data-id=\"6f5a595\" data-element_type=\"widget\" data-widget_type=\"divider.default\">\n\t\t\t\t<div class=\"elementor-widget-container\">\n\t\t\t\t\t\t\t<div class=\"elementor-divider\">\n\t\t\t<span class=\"elementor-divider-separator\">\n\t\t\t\t\t\t<\/span>\n\t\t<\/div>\n\t\t\t\t\t\t<\/div>\n\t\t\t\t<\/div>\n\t\t\t\t<div class=\"elementor-element elementor-element-3a71423 elementor-widget-divider--view-line elementor-widget elementor-widget-divider\" data-id=\"3a71423\" data-element_type=\"widget\" data-widget_type=\"divider.default\">\n\t\t\t\t<div class=\"elementor-widget-container\">\n\t\t\t\t\t\t\t<div class=\"elementor-divider\">\n\t\t\t<span class=\"elementor-divider-separator\">\n\t\t\t\t\t\t<\/span>\n\t\t<\/div>\n\t\t\t\t\t\t<\/div>\n\t\t\t\t<\/div>\n\t\t\t\t<\/div>\n\t\t\t\t<\/div>\n\t\t\t\t<\/div>\n\t\t<div class=\"elementor-element elementor-element-62a44ef e-flex e-con-boxed e-con e-parent\" data-id=\"62a44ef\" data-element_type=\"container\">\n\t\t\t\t\t<div class=\"e-con-inner\">\n\t\t<div class=\"elementor-element elementor-element-8450a12 e-con-full e-flex e-con e-child\" data-id=\"8450a12\" data-element_type=\"container\">\n\t\t\t\t<div class=\"elementor-element elementor-element-a6f6808 elementor-view-default elementor-widget elementor-widget-icon\" data-id=\"a6f6808\" data-element_type=\"widget\" data-widget_type=\"icon.default\">\n\t\t\t\t<div class=\"elementor-widget-container\">\n\t\t\t\t\t\t\t<div class=\"elementor-icon-wrapper\">\n\t\t\t<div class=\"elementor-icon\">\n\t\t\t<svg aria-hidden=\"true\" class=\"e-font-icon-svg e-fas-long-arrow-alt-right\" viewbox=\"0 0 448 512\" xmlns=\"http:\/\/www.w3.org\/2000\/svg\"><path d=\"M313.941 216H12c-6.627 0-12 5.373-12 12v56c0 6.627 5.373 12 12 12h301.941v46.059c0 21.382 25.851 32.09 40.971 16.971l86.059-86.059c9.373-9.373 9.373-24.569 0-33.941l-86.059-86.059c-15.119-15.119-40.971-4.411-40.971 16.971V216z\"><\/path><\/svg>\t\t\t<\/div>\n\t\t<\/div>\n\t\t\t\t\t\t<\/div>\n\t\t\t\t<\/div>\n\t\t\t\t<div class=\"elementor-element elementor-element-cd15e5d elementor-widget-divider--view-line elementor-widget elementor-widget-divider\" data-id=\"cd15e5d\" data-element_type=\"widget\" data-widget_type=\"divider.default\">\n\t\t\t\t<div class=\"elementor-widget-container\">\n\t\t\t\t\t\t\t<div class=\"elementor-divider\">\n\t\t\t<span class=\"elementor-divider-separator\">\n\t\t\t\t\t\t<\/span>\n\t\t<\/div>\n\t\t\t\t\t\t<\/div>\n\t\t\t\t<\/div>\n\t\t\t\t<div class=\"elementor-element elementor-element-4ff5424 elementor-widget elementor-widget-text-editor\" data-id=\"4ff5424\" data-element_type=\"widget\" data-widget_type=\"text-editor.default\">\n\t\t\t\t<div class=\"elementor-widget-container\">\n\t\t\t\t\t\t\t\t\t<p><b>We are Asli Lulu and Bogi Bogi.<br><\/b>We are two partners on a journey from corporate life and big cities to the heart of Avanos. One of us is the guide of the mountains, the paths and the road;<br>the other is a producer who wanders in the colors of the abstract world.<\/p>\n<p>We came to this land with the desire to take root, we put down our roots in Avanos.<br>K\u00f6khane was born from these very roots.<\/p>\n<p>The traces of Bo\u011fa\u00e7's trekking\/hiking journeys, the artifacts of Asl\u0131's hands, the paintings we made together, the plates and glasses specially produced for K\u00f6khane...<\/p>\n<p>Nothing you see in the space is superficial; it is all part of a story that has accumulated over time, formed with labor and deepened. The warmth of the fireplace in winter, the French doors wide open in summer and the view of Avanos Old Bazaar are a quiet but indispensable part of this story.<\/p>\n<p><b>We did not set up the Root House as a ready-made place.<br><\/b>Nature gave us breath, art inspired us, and the table reminded us to share.<br>We imagined a space where it is possible to slow down, chat, produce and meet at the same table.<\/p>\n<p>K\u00f6khane is as much for us as it is for everyone who comes here.<br>we wanted it to be a stop with depth, where he could feel good.<\/p>\n<p>We wanted everyone who came here to slow down a bit.<br>Let him sit at a table, shake a hot cup in his hands, blend into the moment.<\/p>\n<p><b>Because some stories are not read; they are lived.<br><\/b>Some tables don't just feed you; they connect you.<br>If you are here, you are now part of this story.<\/p>\n<p>With love and kindness, Lulu &amp; Bogi<\/p>\t\t\t\t\t\t\t\t<\/div>\n\t\t\t\t<\/div>\n\t\t\t\t<\/div>\n\t\t<div class=\"elementor-element elementor-element-af97f45 e-con-full e-flex e-con e-child\" data-id=\"af97f45\" data-element_type=\"container\">\n\t\t\t\t<\/div>\n\t\t\t\t\t<\/div>\n\t\t\t\t<\/div>\n\t\t\t\t<\/div>","protected":false},"excerpt":{"rendered":"<p>B\u0130Z\u0130M H\u0130KAYEM\u0130Z Biz Asl\u0131 Lulu ve Bo\u011fa\u00e7 Bogi.Kurumsal hayattan, b\u00fcy\u00fck \u015fehirlerden Avanos\u2019un kalbine uzanan bir yolculu\u011fun iki e\u015fiyiz. Birimiz da\u011flar\u0131n, patikalar\u0131n ve yolun rehberi;di\u011ferimiz soyut d\u00fcnyan\u0131n renklerinde gezinen bir \u00fcretici. K\u00f6klenme arzusuyla bu topraklara geldik, k\u00f6klerimizi Avanos\u2019a sald\u0131k.K\u00f6khane, i\u015fte tam da bu k\u00f6klerden do\u011fdu. Bo\u011fa\u00e7\u2019\u0131n trekking \/ hiking yolculuklar\u0131ndan ta\u015f\u0131d\u0131\u011f\u0131 izler, Asl\u0131\u2019n\u0131n ellerinden \u00e7\u0131kan eserler, [&hellip;]<\/p>","protected":false},"author":1,"featured_media":0,"parent":0,"menu_order":0,"comment_status":"closed","ping_status":"closed","template":"","meta":{"footnotes":""},"class_list":["post-546","page","type-page","status-publish","hentry"],"_links":{"self":[{"href":"https:\/\/kokhane.com\/en\/wp-json\/wp\/v2\/pages\/546","targetHints":{"allow":["GET"]}}],"collection":[{"href":"https:\/\/kokhane.com\/en\/wp-json\/wp\/v2\/pages"}],"about":[{"href":"https:\/\/kokhane.com\/en\/wp-json\/wp\/v2\/types\/page"}],"author":[{"embeddable":true,"href":"https:\/\/kokhane.com\/en\/wp-json\/wp\/v2\/users\/1"}],"replies":[{"embeddable":true,"href":"https:\/\/kokhane.com\/en\/wp-json\/wp\/v2\/comments?post=546"}],"version-history":[{"count":150,"href":"https:\/\/kokhane.com\/en\/wp-json\/wp\/v2\/pages\/546\/revisions"}],"predecessor-version":[{"id":4338,"href":"https:\/\/kokhane.com\/en\/wp-json\/wp\/v2\/pages\/546\/revisions\/4338"}],"wp:attachment":[{"href":"https:\/\/kokhane.com\/en\/wp-json\/wp\/v2\/media?parent=546"}],"curies":[{"name":"wp","href":"https:\/\/api.w.org\/{rel}","templated":true}]}}